{"id":1098,"date":"2025-09-14T19:28:42","date_gmt":"2025-09-14T17:28:42","guid":{"rendered":"https:\/\/lesriveschampenoises.com\/?page_id=1098"},"modified":"2025-11-25T15:52:42","modified_gmt":"2025-11-25T14:52:42","slug":"avis-des-voyageurs","status":"publish","type":"page","link":"https:\/\/lesriveschampenoises.com\/en\/avis-des-voyageurs\/","title":{"rendered":"Travelers reviews"},"content":{"rendered":"<div data-elementor-type=\"wp-page\" data-elementor-id=\"1098\" class=\"elementor elementor-1098\" data-elementor-post-type=\"page\">\n\t\t\t\t<div class=\"elementor-element elementor-element-c678676 e-flex e-con-boxed wpr-particle-no wpr-jarallax-no wpr-parallax-no wpr-sticky-section-no wpr-equal-height-no e-con e-parent\" data-id=\"c678676\" data-element_type=\"container\" data-e-type=\"container\" data-settings=\"{&quot;background_background&quot;:&quot;slideshow&quot;,&quot;background_slideshow_gallery&quot;:[{&quot;id&quot;:2304,&quot;url&quot;:&quot;https:\\\/\\\/lesriveschampenoises.com\\\/wp-content\\\/uploads\\\/2025\\\/11\\\/avis-barbecue-gite-champagne.jpg&quot;},{&quot;id&quot;:2305,&quot;url&quot;:&quot;https:\\\/\\\/lesriveschampenoises.com\\\/wp-content\\\/uploads\\\/2025\\\/11\\\/avis-convivialite-gite-champagne.jpg&quot;},{&quot;id&quot;:2306,&quot;url&quot;:&quot;https:\\\/\\\/lesriveschampenoises.com\\\/wp-content\\\/uploads\\\/2025\\\/11\\\/avis-famille-enfants-gite-champagne.jpg&quot;},{&quot;id&quot;:2307,&quot;url&quot;:&quot;https:\\\/\\\/lesriveschampenoises.com\\\/wp-content\\\/uploads\\\/2025\\\/11\\\/avis-repas-interieur-gite-champagne.jpg&quot;},{&quot;id&quot;:2308,&quot;url&quot;:&quot;https:\\\/\\\/lesriveschampenoises.com\\\/wp-content\\\/uploads\\\/2025\\\/11\\\/avis-spa-jacuzzi-gite-champagne.jpg&quot;},{&quot;id&quot;:1179,&quot;url&quot;:&quot;https:\\\/\\\/lesriveschampenoises.com\\\/wp-content\\\/uploads\\\/2025\\\/09\\\/LRC-090-scaled.jpg&quot;}],&quot;background_slideshow_ken_burns&quot;:&quot;yes&quot;,&quot;background_slideshow_slide_transition&quot;:&quot;slide_right&quot;,&quot;background_slideshow_loop&quot;:&quot;yes&quot;,&quot;background_slideshow_slide_duration&quot;:5000,&quot;background_slideshow_transition_duration&quot;:500,&quot;background_slideshow_ken_burns_zoom_direction&quot;:&quot;in&quot;}\">\n\t\t\t\t\t<div class=\"e-con-inner\">\n\t\t\t\t<div class=\"elementor-element elementor-element-955d2bb elementor-widget elementor-widget-heading\" data-id=\"955d2bb\" data-element_type=\"widget\" data-e-type=\"widget\" data-widget_type=\"heading.default\">\n\t\t\t\t<div class=\"elementor-widget-container\">\n\t\t\t\t\t<h1 class=\"elementor-heading-title elementor-size-default\">Travelers reviews<\/h1>\t\t\t\t<\/div>\n\t\t\t\t<\/div>\n\t\t\t\t<div class=\"elementor-element elementor-element-b30edcb elementor-widget elementor-widget-heading\" data-id=\"b30edcb\" data-element_type=\"widget\" data-e-type=\"widget\" data-widget_type=\"heading.default\">\n\t\t\t\t<div class=\"elementor-widget-container\">\n\t\t\t\t\t<h2 class=\"elementor-heading-title elementor-size-default\">Holiday home with spa in the Aube<\/h2>\t\t\t\t<\/div>\n\t\t\t\t<\/div>\n\t\t\t\t\t<\/div>\n\t\t\t\t<\/div>\n\t\t<div class=\"elementor-element elementor-element-190e8c16 e-flex e-con-boxed wpr-particle-no wpr-jarallax-no wpr-parallax-no wpr-sticky-section-no wpr-equal-height-no e-con e-parent\" data-id=\"190e8c16\" data-element_type=\"container\" data-e-type=\"container\">\n\t\t\t\t\t<div class=\"e-con-inner\">\n\t\t\t\t<div class=\"elementor-element elementor-element-1bed78f7 elementor-widget elementor-widget-heading\" data-id=\"1bed78f7\" data-element_type=\"widget\" data-e-type=\"widget\" data-widget_type=\"heading.default\">\n\t\t\t\t<div class=\"elementor-widget-container\">\n\t\t\t\t\t<h2 class=\"elementor-heading-title elementor-size-default\">Reviews of Our G\u00eete in Champagne<\/h2>\t\t\t\t<\/div>\n\t\t\t\t<\/div>\n\t\t\t\t<div class=\"elementor-element elementor-element-316141aa elementor-widget elementor-widget-text-editor\" data-id=\"316141aa\" data-element_type=\"widget\" data-e-type=\"widget\" data-widget_type=\"text-editor.default\">\n\t\t\t\t<div class=\"elementor-widget-container\">\n\t\t\t\t\t\t\t\t\t<p class=\"translation-block\">Discover the reviews and testimonials from guests who have stayed at Villa Les Rives Champenoises, a high-end g\u00eete located in Buxeuil, in the heart of the C\u00f4te des Bar in Aube, Champagne. Their feedback reflects the unique atmosphere of the place: serenity, charm, comfort, and precious moments shared by the Seine.<\/p>\t\t\t\t\t\t\t\t<\/div>\n\t\t\t\t<\/div>\n\t\t\t\t<div class=\"elementor-element elementor-element-ca5a879 elementor-widget-divider--view-line elementor-widget elementor-widget-divider\" data-id=\"ca5a879\" data-element_type=\"widget\" data-e-type=\"widget\" data-widget_type=\"divider.default\">\n\t\t\t\t<div class=\"elementor-widget-container\">\n\t\t\t\t\t\t\t<div class=\"elementor-divider\">\n\t\t\t<span class=\"elementor-divider-separator\">\n\t\t\t\t\t\t<\/span>\n\t\t<\/div>\n\t\t\t\t\t\t<\/div>\n\t\t\t\t<\/div>\n\t\t\t\t\t<\/div>\n\t\t\t\t<\/div>\n\t\t<div class=\"elementor-element elementor-element-5a99d600 e-flex e-con-boxed wpr-particle-no wpr-jarallax-no wpr-parallax-no wpr-sticky-section-no wpr-equal-height-no e-con e-parent\" data-id=\"5a99d600\" data-element_type=\"container\" data-e-type=\"container\">\n\t\t\t\t\t<div class=\"e-con-inner\">\n\t\t<div class=\"elementor-element elementor-element-10b45745 e-con-full e-flex wpr-particle-no wpr-jarallax-no wpr-parallax-no wpr-sticky-section-no wpr-equal-height-no e-con e-child\" data-id=\"10b45745\" data-element_type=\"container\" data-e-type=\"container\">\n\t\t\t\t<div class=\"elementor-element elementor-element-2b7d520c elementor-widget elementor-widget-heading\" data-id=\"2b7d520c\" data-element_type=\"widget\" data-e-type=\"widget\" data-widget_type=\"heading.default\">\n\t\t\t\t<div class=\"elementor-widget-container\">\n\t\t\t\t\t<h2 class=\"elementor-heading-title elementor-size-default\">Memorable Stays in the Heart of Champagne<\/h2>\t\t\t\t<\/div>\n\t\t\t\t<\/div>\n\t\t\t\t<div class=\"elementor-element elementor-element-6f708bfe elementor-widget elementor-widget-text-editor\" data-id=\"6f708bfe\" data-element_type=\"widget\" data-e-type=\"widget\" data-widget_type=\"text-editor.default\">\n\t\t\t\t<div class=\"elementor-widget-container\">\n\t\t\t\t\t\t\t\t\t<p class=\"translation-block\">Our guests speak of unforgettable stays in Champagne, from Champagne tastings and relaxation in the private spa to nature walks and local discoveries near Troyes and the vineyards of the C\u00f4te des Bar. Their satisfaction is our greatest reward.<\/p><p class=\"translation-block\">Here are some authentic reviews of our g\u00eete in Aube:<\/p>\t\t\t\t\t\t\t\t<\/div>\n\t\t\t\t<\/div>\n\t\t\t\t<\/div>\n\t\t\t\t\t<\/div>\n\t\t\t\t<\/div>\n\t\t<div class=\"elementor-element elementor-element-f290c35 e-flex e-con-boxed wpr-particle-no wpr-jarallax-no wpr-parallax-no wpr-sticky-section-no wpr-equal-height-no e-con e-parent\" data-id=\"f290c35\" data-element_type=\"container\" data-e-type=\"container\">\n\t\t\t\t\t<div class=\"e-con-inner\">\n\t\t\t\t<div class=\"elementor-element elementor-element-8a95e2c elementor-widget__width-inherit elementor-widget elementor-widget-shortcode\" data-id=\"8a95e2c\" data-element_type=\"widget\" data-e-type=\"widget\" data-widget_type=\"shortcode.default\">\n\t\t\t\t<div class=\"elementor-widget-container\">\n\t\t\t\t\t\t\t<div class=\"elementor-shortcode\"><div data-src=\"https:\/\/cdn.trustindex.io\/loader.js?8bfe6553098b07569b766ac226a\"><\/div><\/div>\n\t\t\t\t\t\t<\/div>\n\t\t\t\t<\/div>\n\t\t\t\t\t<\/div>\n\t\t\t\t<\/div>\n\t\t<div class=\"elementor-element elementor-element-5e7cb54e e-flex e-con-boxed wpr-particle-no wpr-jarallax-no wpr-parallax-no wpr-sticky-section-no wpr-equal-height-no e-con e-child\" data-id=\"5e7cb54e\" data-element_type=\"container\" data-e-type=\"container\">\n\t\t\t\t\t<div class=\"e-con-inner\">\n\t\t\t\t<div class=\"elementor-element elementor-element-84aeb37 elementor-widget-divider--view-line elementor-widget elementor-widget-divider\" data-id=\"84aeb37\" data-element_type=\"widget\" data-e-type=\"widget\" data-widget_type=\"divider.default\">\n\t\t\t\t<div class=\"elementor-widget-container\">\n\t\t\t\t\t\t\t<div class=\"elementor-divider\">\n\t\t\t<span class=\"elementor-divider-separator\">\n\t\t\t\t\t\t<\/span>\n\t\t<\/div>\n\t\t\t\t\t\t<\/div>\n\t\t\t\t<\/div>\n\t\t<div class=\"elementor-element elementor-element-666952fa e-flex e-con-boxed wpr-particle-no wpr-jarallax-no wpr-parallax-no wpr-sticky-section-no wpr-equal-height-no e-con e-child\" data-id=\"666952fa\" data-element_type=\"container\" data-e-type=\"container\">\n\t\t\t\t\t<div class=\"e-con-inner\">\n\t\t\t\t<div class=\"elementor-element elementor-element-149cc5ba elementor-widget elementor-widget-heading\" data-id=\"149cc5ba\" data-element_type=\"widget\" data-e-type=\"widget\" data-widget_type=\"heading.default\">\n\t\t\t\t<div class=\"elementor-widget-container\">\n\t\t\t\t\t<h2 class=\"elementor-heading-title elementor-size-default\">Why Guests Recommend Our G\u00eete<\/h2>\t\t\t\t<\/div>\n\t\t\t\t<\/div>\n\t\t\t\t<div class=\"elementor-element elementor-element-6357a1d2 elementor-widget elementor-widget-text-editor\" data-id=\"6357a1d2\" data-element_type=\"widget\" data-e-type=\"widget\" data-widget_type=\"text-editor.default\">\n\t\t\t\t<div class=\"elementor-widget-container\">\n\t\t\t\t\t\t\t\t\t<ul><li>Warm and personalized welcome by the hosts<\/li><li>High-end comfort and exceptional bedding<\/li><li>Peaceful natural setting by the Seine<\/li><li>Discover Champagne with a cellar tour included<\/li><li>Impeccable cleanliness and premium amenities<\/li><\/ul><p class=\"translation-block\">Each review reflects what we strive to offer: well-being, elegance, and authenticity in Champagne.<\/p>\t\t\t\t\t\t\t\t<\/div>\n\t\t\t\t<\/div>\n\t\t\t\t\t<\/div>\n\t\t\t\t<\/div>\n\t\t\t\t<div class=\"elementor-element elementor-element-0534e3d elementor-widget elementor-widget-heading\" data-id=\"0534e3d\" data-element_type=\"widget\" data-e-type=\"widget\" data-widget_type=\"heading.default\">\n\t\t\t\t<div class=\"elementor-widget-container\">\n\t\t\t\t\t<h2 class=\"elementor-heading-title elementor-size-default\">Leave a Review<\/h2>\t\t\t\t<\/div>\n\t\t\t\t<\/div>\n\t\t\t\t<div class=\"elementor-element elementor-element-34c98dd elementor-widget elementor-widget-text-editor\" data-id=\"34c98dd\" data-element_type=\"widget\" data-e-type=\"widget\" data-widget_type=\"text-editor.default\">\n\t\t\t\t<div class=\"elementor-widget-container\">\n\t\t\t\t\t\t\t\t\t<p class=\"translation-block\">Have you stayed with us? Share your experience to help future travelers plan their stay in Champagne.<\/p>\t\t\t\t\t\t\t\t<\/div>\n\t\t\t\t<\/div>\n\t\t\t\t<div class=\"elementor-element elementor-element-26bea60 elementor-align-center elementor-widget elementor-widget-button\" data-id=\"26bea60\" data-element_type=\"widget\" data-e-type=\"widget\" data-widget_type=\"button.default\">\n\t\t\t\t<div class=\"elementor-widget-container\">\n\t\t\t\t\t\t\t\t\t<div class=\"elementor-button-wrapper\">\n\t\t\t\t\t<a class=\"elementor-button elementor-button-link elementor-size-lg elementor-animation-grow\" href=\"https:\/\/g.co\/kgs\/cGmCCyK\">\n\t\t\t\t\t\t<span class=\"elementor-button-content-wrapper\">\n\t\t\t\t\t\t\t\t\t<span class=\"elementor-button-text\">I'm leaving a review!<\/span>\n\t\t\t\t\t<\/span>\n\t\t\t\t\t<\/a>\n\t\t\t\t<\/div>\n\t\t\t\t\t\t\t\t<\/div>\n\t\t\t\t<\/div>\n\t\t\t\t<div class=\"elementor-element elementor-element-67c15bd elementor-align-center elementor-widget elementor-widget-button\" data-id=\"67c15bd\" data-element_type=\"widget\" data-e-type=\"widget\" data-widget_type=\"button.default\">\n\t\t\t\t<div class=\"elementor-widget-container\">\n\t\t\t\t\t\t\t\t\t<div class=\"elementor-button-wrapper\">\n\t\t\t\t\t<a class=\"elementor-button elementor-button-link elementor-size-sm\" href=\"https:\/\/reservation.elloha.com\/?IdPublication=93011663-b5ea-4d95-937f-c2657c5f750c&#038;culture=fr-FR&#038;idoi=f7246e4d-dd58-4a55-b961-9704c8bc1713&#038;idPrestation=ed3bd87b-aa3e-466f-951f-c40043df5914&#038;searchFirstAvailableDates=1\" target=\"_blank\">\n\t\t\t\t\t\t<span class=\"elementor-button-content-wrapper\">\n\t\t\t\t\t\t\t\t\t<span class=\"elementor-button-text\">Book Your Stay Too<\/span>\n\t\t\t\t\t<\/span>\n\t\t\t\t\t<\/a>\n\t\t\t\t<\/div>\n\t\t\t\t\t\t\t\t<\/div>\n\t\t\t\t<\/div>\n\t\t\t\t\t<\/div>\n\t\t\t\t<\/div>\n\t\t\t\t<\/div>","protected":false},"excerpt":{"rendered":"<p>D\u00e9couvrez les avis de nos voyageurs sur la Villa Les Rives Champenoises, un g\u00eete de charme 4 \u00e9toiles situ\u00e9 \u00e0 Buxeuil, au c\u0153ur de la C\u00f4te des Bar dans l\u2019Aube en Champagne.<br \/>\nLeurs t\u00e9moignages authentiques racontent des s\u00e9jours inoubliables au bord de la Seine, entre visites de caves de champagne, moments de d\u00e9tente au spa,  balades nature ou d\u00e9couverte de Troyes.<\/p>\n<p>Que vous pr\u00e9pariez un week-end romantique, des vacances en famille ou un s\u00e9jour \u0153notouristique, ces exp\u00e9riences partag\u00e9es vous aideront \u00e0 imaginer votre escapade.<br \/>\nNos h\u00f4tes \u00e9voquent l\u2019accueil chaleureux d\u2019Anne Gremillet et St\u00e9phane Gonzales, la qualit\u00e9 des \u00e9quipements, la d\u00e9coration \u00e9l\u00e9gante et la qui\u00e9tude du grand jardin.<\/p>\n<p>Parcourez leurs avis, laissez-vous inspirer et n\u2019h\u00e9sitez pas \u00e0 partager votre propre exp\u00e9rience apr\u00e8s votre s\u00e9jour : vos mots font vivre l\u2019esprit de notre g\u00eete en Champagne.<\/p>","protected":false},"author":1,"featured_media":1178,"parent":0,"menu_order":0,"comment_status":"closed","ping_status":"closed","template":"","meta":{"footnotes":""},"class_list":["post-1098","page","type-page","status-publish","has-post-thumbnail","hentry"],"yoast_head":"<!-- This site is optimized with the Yoast SEO plugin v26.6 - https:\/\/yoast.com\/wordpress\/plugins\/seo\/ -->\n<title>Avis g\u00eete en Champagne | Exp\u00e9riences de nos voyageurs<\/title>\n<meta name=\"description\" content=\"Avis g\u00eete en Champagne | Nos voyageurs partagent leur exp\u00e9rience ! D\u00e9couvrez leurs avis sur notre g\u00eete haut de gamme dans l\u2019Aube.\" \/>\n<meta name=\"robots\" content=\"index, follow, max-snippet:-1, max-image-preview:large, max-video-preview:-1\" \/>\n<link rel=\"canonical\" href=\"https:\/\/lesriveschampenoises.com\/en\/avis-des-voyageurs\/\" \/>\n<meta property=\"og:locale\" content=\"en_US\" \/>\n<meta property=\"og:type\" content=\"article\" \/>\n<meta property=\"og:title\" content=\"Avis sur notre g\u00eete en Champagne | Exp\u00e9riences de nos voyageurs\" \/>\n<meta property=\"og:description\" content=\"D\u00e9couvrez les avis authentiques sur notre g\u00eete haut de gamme dans l\u2019Aube. Confort, accueil, cadre en bord de Seine : nos voyageurs partagent leur exp\u00e9rience.\" \/>\n<meta property=\"og:url\" content=\"https:\/\/lesriveschampenoises.com\/en\/avis-des-voyageurs\/\" \/>\n<meta property=\"og:site_name\" content=\"Les Rives Champenoises\" \/>\n<meta property=\"article:modified_time\" content=\"2025-11-25T14:52:42+00:00\" \/>\n<meta property=\"og:image\" content=\"https:\/\/lesriveschampenoises.com\/wp-content\/uploads\/2025\/09\/LRC-110.jpg\" \/>\n\t<meta property=\"og:image:width\" content=\"1469\" \/>\n\t<meta property=\"og:image:height\" content=\"979\" \/>\n\t<meta property=\"og:image:type\" content=\"image\/jpeg\" \/>\n<meta name=\"twitter:card\" content=\"summary_large_image\" \/>\n<meta name=\"twitter:title\" content=\"Avis sur notre g\u00eete en Champagne | Exp\u00e9riences de nos voyageurs\" \/>\n<meta name=\"twitter:description\" content=\"D\u00e9couvrez les avis authentiques sur notre g\u00eete haut de gamme dans l\u2019Aube. Confort, accueil, cadre en bord de Seine : nos voyageurs partagent leur exp\u00e9rience.\" \/>\n<meta name=\"twitter:image\" content=\"https:\/\/lesriveschampenoises.com\/wp-content\/uploads\/2025\/09\/LRC-110.jpg\" \/>\n<meta name=\"twitter:label1\" content=\"Est. reading time\" \/>\n\t<meta name=\"twitter:data1\" content=\"2 minutes\" \/>\n<script type=\"application\/ld+json\" class=\"yoast-schema-graph\">{\"@context\":\"https:\/\/schema.org\",\"@graph\":[{\"@type\":\"WebPage\",\"@id\":\"https:\/\/lesriveschampenoises.com\/avis-des-voyageurs\/\",\"url\":\"https:\/\/lesriveschampenoises.com\/avis-des-voyageurs\/\",\"name\":\"Avis g\u00eete en Champagne | Exp\u00e9riences de nos voyageurs\",\"isPartOf\":{\"@id\":\"https:\/\/lesriveschampenoises.com\/#website\"},\"primaryImageOfPage\":{\"@id\":\"https:\/\/lesriveschampenoises.com\/avis-des-voyageurs\/#primaryimage\"},\"image\":{\"@id\":\"https:\/\/lesriveschampenoises.com\/avis-des-voyageurs\/#primaryimage\"},\"thumbnailUrl\":\"https:\/\/lesriveschampenoises.com\/wp-content\/uploads\/2025\/09\/LRC-110.jpg\",\"datePublished\":\"2025-09-14T17:28:42+00:00\",\"dateModified\":\"2025-11-25T14:52:42+00:00\",\"description\":\"Avis g\u00eete en Champagne | Nos voyageurs partagent leur exp\u00e9rience ! D\u00e9couvrez leurs avis sur notre g\u00eete haut de gamme dans l\u2019Aube.\",\"breadcrumb\":{\"@id\":\"https:\/\/lesriveschampenoises.com\/avis-des-voyageurs\/#breadcrumb\"},\"inLanguage\":\"en-US\",\"potentialAction\":[{\"@type\":\"ReadAction\",\"target\":[\"https:\/\/lesriveschampenoises.com\/avis-des-voyageurs\/\"]}]},{\"@type\":\"ImageObject\",\"inLanguage\":\"en-US\",\"@id\":\"https:\/\/lesriveschampenoises.com\/avis-des-voyageurs\/#primaryimage\",\"url\":\"https:\/\/lesriveschampenoises.com\/wp-content\/uploads\/2025\/09\/LRC-110.jpg\",\"contentUrl\":\"https:\/\/lesriveschampenoises.com\/wp-content\/uploads\/2025\/09\/LRC-110.jpg\",\"width\":1469,\"height\":979,\"caption\":\"ap\u00e9ritif en terrasse entre filles\"},{\"@type\":\"BreadcrumbList\",\"@id\":\"https:\/\/lesriveschampenoises.com\/avis-des-voyageurs\/#breadcrumb\",\"itemListElement\":[{\"@type\":\"ListItem\",\"position\":1,\"name\":\"Accueil\",\"item\":\"https:\/\/lesriveschampenoises.com\/\"},{\"@type\":\"ListItem\",\"position\":2,\"name\":\"Avis voyageurs\"}]},{\"@type\":\"WebSite\",\"@id\":\"https:\/\/lesriveschampenoises.com\/#website\",\"url\":\"https:\/\/lesriveschampenoises.com\/\",\"name\":\"Les Rives Champenoises\",\"description\":\"Location maison de vacances dans l&#039;Aube\",\"publisher\":{\"@id\":\"https:\/\/lesriveschampenoises.com\/#organization\"},\"alternateName\":\"G\u00eete haut de gamme dans l\u2019Aube\",\"potentialAction\":[{\"@type\":\"SearchAction\",\"target\":{\"@type\":\"EntryPoint\",\"urlTemplate\":\"https:\/\/lesriveschampenoises.com\/?s={search_term_string}\"},\"query-input\":{\"@type\":\"PropertyValueSpecification\",\"valueRequired\":true,\"valueName\":\"search_term_string\"}}],\"inLanguage\":\"en-US\"},{\"@type\":\"Organization\",\"@id\":\"https:\/\/lesriveschampenoises.com\/#organization\",\"name\":\"les rives champenoises\",\"url\":\"https:\/\/lesriveschampenoises.com\/\",\"logo\":{\"@type\":\"ImageObject\",\"inLanguage\":\"en-US\",\"@id\":\"https:\/\/lesriveschampenoises.com\/#\/schema\/logo\/image\/\",\"url\":\"https:\/\/lesriveschampenoises.com\/wp-content\/uploads\/2025\/04\/lrc_logo_pour-fond-blanc_v.png\",\"contentUrl\":\"https:\/\/lesriveschampenoises.com\/wp-content\/uploads\/2025\/04\/lrc_logo_pour-fond-blanc_v.png\",\"width\":2559,\"height\":1293,\"caption\":\"les rives champenoises\"},\"image\":{\"@id\":\"https:\/\/lesriveschampenoises.com\/#\/schema\/logo\/image\/\"}}]}<\/script>\n<!-- \/ Yoast SEO plugin. -->","yoast_head_json":{"title":"Avis g\u00eete en Champagne | Exp\u00e9riences de nos voyageurs","description":"Avis g\u00eete en Champagne | Nos voyageurs partagent leur exp\u00e9rience ! D\u00e9couvrez leurs avis sur notre g\u00eete haut de gamme dans l\u2019Aube.","robots":{"index":"index","follow":"follow","max-snippet":"max-snippet:-1","max-image-preview":"max-image-preview:large","max-video-preview":"max-video-preview:-1"},"canonical":"https:\/\/lesriveschampenoises.com\/en\/avis-des-voyageurs\/","og_locale":"en_US","og_type":"article","og_title":"Avis sur notre g\u00eete en Champagne | Exp\u00e9riences de nos voyageurs","og_description":"D\u00e9couvrez les avis authentiques sur notre g\u00eete haut de gamme dans l\u2019Aube. Confort, accueil, cadre en bord de Seine : nos voyageurs partagent leur exp\u00e9rience.","og_url":"https:\/\/lesriveschampenoises.com\/en\/avis-des-voyageurs\/","og_site_name":"Les Rives Champenoises","article_modified_time":"2025-11-25T14:52:42+00:00","og_image":[{"width":1469,"height":979,"url":"https:\/\/lesriveschampenoises.com\/wp-content\/uploads\/2025\/09\/LRC-110.jpg","type":"image\/jpeg"}],"twitter_card":"summary_large_image","twitter_title":"Avis sur notre g\u00eete en Champagne | Exp\u00e9riences de nos voyageurs","twitter_description":"D\u00e9couvrez les avis authentiques sur notre g\u00eete haut de gamme dans l\u2019Aube. Confort, accueil, cadre en bord de Seine : nos voyageurs partagent leur exp\u00e9rience.","twitter_image":"https:\/\/lesriveschampenoises.com\/wp-content\/uploads\/2025\/09\/LRC-110.jpg","twitter_misc":{"Est. reading time":"2 minutes"},"schema":{"@context":"https:\/\/schema.org","@graph":[{"@type":"WebPage","@id":"https:\/\/lesriveschampenoises.com\/avis-des-voyageurs\/","url":"https:\/\/lesriveschampenoises.com\/avis-des-voyageurs\/","name":"Avis g\u00eete en Champagne | Exp\u00e9riences de nos voyageurs","isPartOf":{"@id":"https:\/\/lesriveschampenoises.com\/#website"},"primaryImageOfPage":{"@id":"https:\/\/lesriveschampenoises.com\/avis-des-voyageurs\/#primaryimage"},"image":{"@id":"https:\/\/lesriveschampenoises.com\/avis-des-voyageurs\/#primaryimage"},"thumbnailUrl":"https:\/\/lesriveschampenoises.com\/wp-content\/uploads\/2025\/09\/LRC-110.jpg","datePublished":"2025-09-14T17:28:42+00:00","dateModified":"2025-11-25T14:52:42+00:00","description":"Avis g\u00eete en Champagne | Nos voyageurs partagent leur exp\u00e9rience ! D\u00e9couvrez leurs avis sur notre g\u00eete haut de gamme dans l\u2019Aube.","breadcrumb":{"@id":"https:\/\/lesriveschampenoises.com\/avis-des-voyageurs\/#breadcrumb"},"inLanguage":"en-US","potentialAction":[{"@type":"ReadAction","target":["https:\/\/lesriveschampenoises.com\/avis-des-voyageurs\/"]}]},{"@type":"ImageObject","inLanguage":"en-US","@id":"https:\/\/lesriveschampenoises.com\/avis-des-voyageurs\/#primaryimage","url":"https:\/\/lesriveschampenoises.com\/wp-content\/uploads\/2025\/09\/LRC-110.jpg","contentUrl":"https:\/\/lesriveschampenoises.com\/wp-content\/uploads\/2025\/09\/LRC-110.jpg","width":1469,"height":979,"caption":"ap\u00e9ritif en terrasse entre filles"},{"@type":"BreadcrumbList","@id":"https:\/\/lesriveschampenoises.com\/avis-des-voyageurs\/#breadcrumb","itemListElement":[{"@type":"ListItem","position":1,"name":"Accueil","item":"https:\/\/lesriveschampenoises.com\/"},{"@type":"ListItem","position":2,"name":"Avis voyageurs"}]},{"@type":"WebSite","@id":"https:\/\/lesriveschampenoises.com\/#website","url":"https:\/\/lesriveschampenoises.com\/","name":"Les Rives Champenoises","description":"Location maison de vacances dans l&#039;Aube","publisher":{"@id":"https:\/\/lesriveschampenoises.com\/#organization"},"alternateName":"G\u00eete haut de gamme dans l\u2019Aube","potentialAction":[{"@type":"SearchAction","target":{"@type":"EntryPoint","urlTemplate":"https:\/\/lesriveschampenoises.com\/?s={search_term_string}"},"query-input":{"@type":"PropertyValueSpecification","valueRequired":true,"valueName":"search_term_string"}}],"inLanguage":"en-US"},{"@type":"Organization","@id":"https:\/\/lesriveschampenoises.com\/#organization","name":"les rives champenoises","url":"https:\/\/lesriveschampenoises.com\/","logo":{"@type":"ImageObject","inLanguage":"en-US","@id":"https:\/\/lesriveschampenoises.com\/#\/schema\/logo\/image\/","url":"https:\/\/lesriveschampenoises.com\/wp-content\/uploads\/2025\/04\/lrc_logo_pour-fond-blanc_v.png","contentUrl":"https:\/\/lesriveschampenoises.com\/wp-content\/uploads\/2025\/04\/lrc_logo_pour-fond-blanc_v.png","width":2559,"height":1293,"caption":"les rives champenoises"},"image":{"@id":"https:\/\/lesriveschampenoises.com\/#\/schema\/logo\/image\/"}}]}},"_links":{"self":[{"href":"https:\/\/lesriveschampenoises.com\/en\/wp-json\/wp\/v2\/pages\/1098","targetHints":{"allow":["GET"]}}],"collection":[{"href":"https:\/\/lesriveschampenoises.com\/en\/wp-json\/wp\/v2\/pages"}],"about":[{"href":"https:\/\/lesriveschampenoises.com\/en\/wp-json\/wp\/v2\/types\/page"}],"author":[{"embeddable":true,"href":"https:\/\/lesriveschampenoises.com\/en\/wp-json\/wp\/v2\/users\/1"}],"replies":[{"embeddable":true,"href":"https:\/\/lesriveschampenoises.com\/en\/wp-json\/wp\/v2\/comments?post=1098"}],"version-history":[{"count":81,"href":"https:\/\/lesriveschampenoises.com\/en\/wp-json\/wp\/v2\/pages\/1098\/revisions"}],"predecessor-version":[{"id":2780,"href":"https:\/\/lesriveschampenoises.com\/en\/wp-json\/wp\/v2\/pages\/1098\/revisions\/2780"}],"wp:featuredmedia":[{"embeddable":true,"href":"https:\/\/lesriveschampenoises.com\/en\/wp-json\/wp\/v2\/media\/1178"}],"wp:attachment":[{"href":"https:\/\/lesriveschampenoises.com\/en\/wp-json\/wp\/v2\/media?parent=1098"}],"curies":[{"name":"wp","href":"https:\/\/api.w.org\/{rel}","templated":true}]}}